{"id":14,"date":"2019-04-22T17:08:27","date_gmt":"2019-04-22T17:08:27","guid":{"rendered":"https:\/\/www.datenschutzmediation.at\/?page_id=14"},"modified":"2026-04-07T21:07:55","modified_gmt":"2026-04-07T19:07:55","slug":"kontakt","status":"publish","type":"page","link":"https:\/\/datenschutzmediation.at\/kontakt\/","title":{"rendered":"Kontakt"},"content":{"rendered":"\n<div class=\"wpcf7 no-js\" id=\"wpcf7-f221-o1\" lang=\"de-DE\" dir=\"ltr\" data-wpcf7-id=\"221\">\n<div class=\"screen-reader-response\"><p role=\"status\" aria-live=\"polite\" aria-atomic=\"true\"><\/p> <ul><\/ul><\/div>\n<form action=\"\/index.php\/wp-json\/wp\/v2\/pages\/14#wpcf7-f221-o1\" method=\"post\" class=\"wpcf7-form init\" aria-label=\"Kontaktformular\" novalidate=\"novalidate\" data-status=\"init\">\n<fieldset class=\"hidden-fields-container\"><input type=\"hidden\" name=\"_wpcf7\" value=\"221\" \/><input type=\"hidden\" name=\"_wpcf7_version\" value=\"6.1.5\" \/><input type=\"hidden\" name=\"_wpcf7_locale\" value=\"de_DE\" \/><input type=\"hidden\" name=\"_wpcf7_unit_tag\" value=\"wpcf7-f221-o1\" \/><input type=\"hidden\" name=\"_wpcf7_container_post\" value=\"0\" \/><input type=\"hidden\" name=\"_wpcf7_posted_data_hash\" value=\"\" \/>\n<\/fieldset>\n<p><label> Dein Name<br \/>\n<span class=\"wpcf7-form-control-wrap\" data-name=\"your-name\"><input size=\"40\" maxlength=\"400\" class=\"wpcf7-form-control wpcf7-text wpcf7-validates-as-required\" autocomplete=\"name\" aria-required=\"true\" aria-invalid=\"false\" value=\"\" type=\"text\" name=\"your-name\" \/><\/span> <\/label>\n<\/p>\n<p><label> Deine E-Mail-Adresse<br \/>\n<span class=\"wpcf7-form-control-wrap\" data-name=\"your-email\"><input size=\"40\" maxlength=\"400\" class=\"wpcf7-form-control wpcf7-email wpcf7-validates-as-required wpcf7-text wpcf7-validates-as-email\" autocomplete=\"email\" aria-required=\"true\" aria-invalid=\"false\" value=\"\" type=\"email\" name=\"your-email\" \/><\/span> <\/label>\n<\/p>\n<p><label> Betreff<br \/>\n<span class=\"wpcf7-form-control-wrap\" data-name=\"your-subject\"><input size=\"40\" maxlength=\"400\" class=\"wpcf7-form-control wpcf7-text wpcf7-validates-as-required\" aria-required=\"true\" aria-invalid=\"false\" value=\"\" type=\"text\" name=\"your-subject\" \/><\/span> <\/label>\n<\/p>\n<p><label> Deine Nachricht (optional)<br \/>\n<span class=\"wpcf7-form-control-wrap\" data-name=\"your-message\"><textarea cols=\"40\" rows=\"10\" maxlength=\"2000\" class=\"wpcf7-form-control wpcf7-textarea\" aria-invalid=\"false\" name=\"your-message\"><\/textarea><\/span> <\/label>\n<\/p>\n<div class=\"wpcf7-turnstile cf-turnstile\" data-sitekey=\"0x4AAAAAAC14b7OJe2FCmqyO\" data-response-field-name=\"_wpcf7_turnstile_response\"><\/div>\n<p><input class=\"wpcf7-form-control wpcf7-submit has-spinner\" type=\"submit\" value=\"Senden\" \/>\n<\/p><div class=\"wpcf7-response-output\" aria-hidden=\"true\"><\/div>\n<\/form>\n<\/div>\n\n\n\n\n<p><br> also auch \u00fcber <a aria-label=\"Twitter (\u00f6ffnet in neuem Tab)\" href=\"https:\/\/twitter.com\/MediatorUW\" target=\"_blank\" rel=\"noreferrer noopener\">Twitter<\/a> und <a aria-label=\" (\u00f6ffnet in neuem Tab)\" href=\"https:\/\/www.linkedin.com\/in\/mediation-wanderer\/\" target=\"_blank\" rel=\"noreferrer noopener\">LinkedIn<\/a><\/p>\n\n\n\n<p>sehr gerne bin ich f\u00fcr Sie auch telefonisch erreichbar:<br><br>+43\/(0)676\/6365045<\/p>\n\n\n<div class=\"wp-block-image\">\n<figure class=\"alignright is-resized\"><img loading=\"lazy\" decoding=\"async\" width=\"400\" height=\"602\" src=\"https:\/\/datenschutzmediation.at\/wp-content\/uploads\/2019\/05\/tuerklopfer-e1557732513489.jpg\" alt=\"&quot;DSC00024&quot; by deborah's perspective is licensed under CC BY 2.0 \" class=\"wp-image-56\" style=\"width:202px;height:303px\" srcset=\"https:\/\/datenschutzmediation.at\/wp-content\/uploads\/2019\/05\/tuerklopfer-e1557732513489.jpg 400w, https:\/\/datenschutzmediation.at\/wp-content\/uploads\/2019\/05\/tuerklopfer-e1557732513489-199x300.jpg 199w\" sizes=\"auto, (max-width: 400px) 100vw, 400px\" \/><\/figure>\n<\/div>\n\n\n<p>In weiterer Folge bin ich f\u00fcr Vorgespr\u00e4che auch gerne nach Absprache \u00fcber die Messengerdienste Signal oder Wire erreichbar<\/p>\n\n\n\n<p>Nachdem ich sowohl in Wien, Nieder\u00f6sterreich wie auch in K\u00e4rnten beruflich beheimatet bin, kann ich Ihnen in der Regel gerne vor Ort einen Termin anbieten oder komme auch direkt in Ihr Unternehmen.<\/p>\n\n\n\n<p>Erg\u00e4nzende Informationen zu meinen T\u00e4tigkeiten finden Sie auch auf meiner Homepage <a href=\"http:\/\/www.mediation-wanderer.at\">http:\/\/www.mediation-wanderer.at <\/a> oder auch auf <a href=\"http:\/\/www.mediation-wolfsberg.at\" target=\"_blank\" rel=\"noreferrer noopener\" aria-label=\"www.mediation-wolfsberg.at (\u00f6ffnet in neuem Tab)\">www.mediation-wolfsberg.at<\/a><\/p>\n","protected":false},"excerpt":{"rendered":"<p>also auch \u00fcber Twitter und LinkedIn sehr gerne bin ich f\u00fcr Sie auch telefonisch erreichbar: +43\/(0)676\/6365045 In weiterer Folge bin ich f\u00fcr Vorgespr\u00e4che auch gerne nach Absprache \u00fcber die Messengerdienste Signal oder Wire erreichbar Nachdem ich sowohl in Wien, Nieder\u00f6sterreich&hellip; <a href=\"https:\/\/datenschutzmediation.at\/kontakt\/\" class=\"more-link\">Continue Reading <span class=\"meta-nav\">&rarr;<\/span><\/a><\/p>\n","protected":false},"author":1,"featured_media":0,"parent":0,"menu_order":0,"comment_status":"closed","ping_status":"closed","template":"","meta":{"footnotes":""},"class_list":["post-14","page","type-page","status-publish","hentry"],"_links":{"self":[{"href":"https:\/\/datenschutzmediation.at\/wp-json\/wp\/v2\/pages\/14","targetHints":{"allow":["GET"]}}],"collection":[{"href":"https:\/\/datenschutzmediation.at\/wp-json\/wp\/v2\/pages"}],"about":[{"href":"https:\/\/datenschutzmediation.at\/wp-json\/wp\/v2\/types\/page"}],"author":[{"embeddable":true,"href":"https:\/\/datenschutzmediation.at\/wp-json\/wp\/v2\/users\/1"}],"replies":[{"embeddable":true,"href":"https:\/\/datenschutzmediation.at\/wp-json\/wp\/v2\/comments?post=14"}],"version-history":[{"count":1,"href":"https:\/\/datenschutzmediation.at\/wp-json\/wp\/v2\/pages\/14\/revisions"}],"predecessor-version":[{"id":222,"href":"https:\/\/datenschutzmediation.at\/wp-json\/wp\/v2\/pages\/14\/revisions\/222"}],"wp:attachment":[{"href":"https:\/\/datenschutzmediation.at\/wp-json\/wp\/v2\/media?parent=14"}],"curies":[{"name":"wp","href":"https:\/\/api.w.org\/{rel}","templated":true}]}}